{"id":619,"date":"2023-05-10T16:22:59","date_gmt":"2023-05-10T16:22:59","guid":{"rendered":"https:\/\/inarca.com\/?page_id=619"},"modified":"2025-07-21T13:53:25","modified_gmt":"2025-07-21T13:53:25","slug":"d4","status":"publish","type":"page","link":"https:\/\/inarca.com\/it\/magnet-wire-terminals\/d4\/","title":{"rendered":"D4"},"content":{"rendered":"<p>L\u2019utilizzo dei terminali IDC Inarca consente di automatizzare la fase di connessione. Si possono quindi utilizzare nelle linee automatiche per la produzione di motori elettrici.<\/p>\n<p><strong>\u00a0<\/strong><\/p>\n<p><strong>Applicazioni<\/strong><\/p>\n<ul>\n<li>Avvolgimenti di motori, Bobine elettriche<\/li>\n<li>Avvolgimenti di trasformatori, Reattori<\/li>\n<li>Alimentatori di potenza, Attuautori<\/li>\n<\/ul>\n<p><strong>Vantaggi dell\u2019applicazione<\/strong><\/p>\n<ul>\n<li>Possibilit\u00e0 di processare contemporaneamente fili con diametri diversi (\u00d8 0,12 \u00f7 0,40 (AWG 36-26) \u2013 \u00d8 0,25 \u00f7 1,04 (AWG 30-18)\/\u00d8 0,8 \u00f7 1,5).<\/li>\n<li>Possibilit\u00e0 di connessione su fili smaltati in rame, alluminio e cavetti con filo rigido o trefolato<\/li>\n<li>Connessione senza inclusioni o buchi neri (gastight)<\/li>\n<li>Possibilit\u00e0 di connessione su tutti i tipi di smalto isolante fino a classe \u201cH\u201d<\/li>\n<li>Eliminazione della fase di preparazione dell\u2019estremit\u00e0 del filo (prestripping)<\/li>\n<li>Rasatura automatica del filo e del cavo in eccesso<\/li>\n<li>Possibilit\u00e0 di eseguire fino ad un max di 3 ponti<\/li>\n<li>Possibilit\u00e0 di avere diverse forme di uscita (linguetta, femm., pin, cavetto, etc)<\/li>\n<li>Eliminazione di ogni operazione manuale di inserimento guaine<\/li>\n<li>Ingombri connessione pi\u00f9 contenuti, con disposizione dei contatti in linea o circolare<\/li>\n<li>Automatizzazione massima del processo, eliminando le operazioni manuali, con capacit\u00e0 produttiva fino a 3000 ins\/ora a seconda del tipo di unit\u00e0 utilizzata (da banco, in linea, ecc.)<\/li>\n<li>Possibilit\u00e0 di eseguire test elettrici di controllo in automatico<\/li>\n<\/ul>\n<p>Razionalizzazione del processo costruttivo con riduzione dei tempi di approntamento e fornitura prodotto finito<\/p>\n<p>&nbsp;<\/p>\n","protected":false},"excerpt":{"rendered":"<p>L\u2019utilizzo dei terminali IDC Inarca consente di automatizzare la fase di connessione. Si possono quindi utilizzare nelle linee automatiche per la produzione di motori elettrici. \u00a0 Applicazioni Avvolgimenti di motori, Bobine elettriche Avvolgimenti di trasformatori, Reattori Alimentatori di potenza, Attuautori Vantaggi dell\u2019applicazione Possibilit\u00e0 di processare contemporaneamente fili con diametri diversi (\u00d8 0,12 \u00f7 0,40 (AWG [&hellip;]<\/p>\n","protected":false},"author":3,"featured_media":0,"parent":159,"menu_order":40,"comment_status":"closed","ping_status":"closed","template":"template\/page-catalog.php","meta":{"_acf_changed":false,"footnotes":""},"class_list":["post-619","page","type-page","status-publish","hentry"],"acf":[],"_links":{"self":[{"href":"https:\/\/inarca.com\/it\/wp-json\/wp\/v2\/pages\/619","targetHints":{"allow":["GET"]}}],"collection":[{"href":"https:\/\/inarca.com\/it\/wp-json\/wp\/v2\/pages"}],"about":[{"href":"https:\/\/inarca.com\/it\/wp-json\/wp\/v2\/types\/page"}],"author":[{"embeddable":true,"href":"https:\/\/inarca.com\/it\/wp-json\/wp\/v2\/users\/3"}],"replies":[{"embeddable":true,"href":"https:\/\/inarca.com\/it\/wp-json\/wp\/v2\/comments?post=619"}],"version-history":[{"count":6,"href":"https:\/\/inarca.com\/it\/wp-json\/wp\/v2\/pages\/619\/revisions"}],"predecessor-version":[{"id":2172,"href":"https:\/\/inarca.com\/it\/wp-json\/wp\/v2\/pages\/619\/revisions\/2172"}],"up":[{"embeddable":true,"href":"https:\/\/inarca.com\/it\/wp-json\/wp\/v2\/pages\/159"}],"wp:attachment":[{"href":"https:\/\/inarca.com\/it\/wp-json\/wp\/v2\/media?parent=619"}],"curies":[{"name":"wp","href":"https:\/\/api.w.org\/{rel}","templated":true}]}}