{"id":600,"date":"2023-05-10T14:54:07","date_gmt":"2023-05-10T14:54:07","guid":{"rendered":"https:\/\/inarca.com\/?page_id=600"},"modified":"2023-06-27T16:10:46","modified_gmt":"2023-06-27T16:10:46","slug":"g1","status":"publish","type":"page","link":"https:\/\/inarca.com\/it\/rast-connector-system\/g1\/","title":{"rendered":"G1.1"},"content":{"rendered":"<p><strong>INAR-EDGE PC board RAST 5 CRIMP connector system<\/strong><\/p>\n<p>La linea di connessione INAR-EDGE \u00e8 stata studiata per la connessione multipla filo-schede attraverso prodotti concepiti per la lavorazione su sistemi totalmente automatici. Qualit\u00e0 controllata, riduzione dei costi e aumento dei profitti sono i risultati che si raggiungono impiegando i connettori INAR-EDGE, gi\u00e0 ampiamente usati con successo nel settore elettrodomestico. La forma particolare del terminale assicura un\u2019eccellente pressione sul circuito stampato, permettendo anche un\u2019ottima connessione. INAR-EDGE \u00e8 stato sviluppato per offrire alcuni importanti vantaggi rispetto ai prodotti simili. INAR-EDGE si pu\u00f2 lavorare con sistemi totalmente automatici o flessibili UHM (Universal Harness Maker), ottenendo moduli di cablaggio gi\u00e0 pronti e collaudati per un migliore profitto.<\/p>\n<p>&nbsp;<\/p>\n<p><strong>Il terminale <\/strong><\/p>\n<p>\u00c8 stato studiato per l\u2019impiego totalmente automatico. Presenta un bassissimo carico di inserimento nel connettore.<\/p>\n<p>&nbsp;<\/p>\n<p><strong>Caratteristiche tecniche<\/strong><\/p>\n<ul>\n<li>Capacit\u00e0 di aggraffatura: 0,25\u00f70,80 mm2<\/li>\n<li>Portata di corrente fino a: 6 A<\/li>\n<li>Passo tra i contatti: 5 mm<\/li>\n<li>Disponibilit\u00e0 dei connettori: 2-12 vie (con o senza polarizzazioni)<\/li>\n<\/ul>\n<p>&nbsp;<\/p>\n<p><strong>I connettori <\/strong><\/p>\n<p>Hanno una forma studiata per inserire i terminali con grandissima facilit\u00e0. Hanno un ingombro bassissimo che consente il loro impiego anche in presenza di spazi ridotti. I connettori in plastica INAR-EDGE sono costruiti con materiali autoestinguenti secondo UL 94 V-2 e V-0 (sono inoltre disponibili materiali plastici autoestinguenti che superano la prova al filo incandescente GWT 750\u00b0C senza fiamma). I connettori indicati sono di color NATURALE. \u2028Su richiesta vengono forniti connettori con colorazione codice RAL.<\/p>\n<p>&nbsp;<\/p>\n<p><strong>Omologazioni <\/strong><\/p>\n<p>I prodotti Inarca rispondono alle norme internazionali. Elenchi omologazioni UL e VDE disponibile su richiesta.<\/p>\n<p>&nbsp;<\/p>\n","protected":false},"excerpt":{"rendered":"<p>INAR-EDGE PC board RAST 5 CRIMP connector system La linea di connessione INAR-EDGE \u00e8 stata studiata per la connessione multipla filo-schede attraverso prodotti concepiti per la lavorazione su sistemi totalmente automatici. Qualit\u00e0 controllata, riduzione dei costi e aumento dei profitti sono i risultati che si raggiungono impiegando i connettori INAR-EDGE, gi\u00e0 ampiamente usati con successo [&hellip;]<\/p>\n","protected":false},"author":3,"featured_media":0,"parent":595,"menu_order":0,"comment_status":"closed","ping_status":"closed","template":"template\/page-catalog.php","meta":{"_acf_changed":false,"footnotes":""},"class_list":["post-600","page","type-page","status-publish","hentry"],"acf":[],"_links":{"self":[{"href":"https:\/\/inarca.com\/it\/wp-json\/wp\/v2\/pages\/600","targetHints":{"allow":["GET"]}}],"collection":[{"href":"https:\/\/inarca.com\/it\/wp-json\/wp\/v2\/pages"}],"about":[{"href":"https:\/\/inarca.com\/it\/wp-json\/wp\/v2\/types\/page"}],"author":[{"embeddable":true,"href":"https:\/\/inarca.com\/it\/wp-json\/wp\/v2\/users\/3"}],"replies":[{"embeddable":true,"href":"https:\/\/inarca.com\/it\/wp-json\/wp\/v2\/comments?post=600"}],"version-history":[{"count":3,"href":"https:\/\/inarca.com\/it\/wp-json\/wp\/v2\/pages\/600\/revisions"}],"predecessor-version":[{"id":2181,"href":"https:\/\/inarca.com\/it\/wp-json\/wp\/v2\/pages\/600\/revisions\/2181"}],"up":[{"embeddable":true,"href":"https:\/\/inarca.com\/it\/wp-json\/wp\/v2\/pages\/595"}],"wp:attachment":[{"href":"https:\/\/inarca.com\/it\/wp-json\/wp\/v2\/media?parent=600"}],"curies":[{"name":"wp","href":"https:\/\/api.w.org\/{rel}","templated":true}]}}