{"id":573,"date":"2023-05-10T14:10:41","date_gmt":"2023-05-10T14:10:41","guid":{"rendered":"https:\/\/inarca.com\/?page_id=573"},"modified":"2025-07-21T13:46:41","modified_gmt":"2025-07-21T13:46:41","slug":"d3","status":"publish","type":"page","link":"https:\/\/inarca.com\/it\/magnet-wire-terminals\/d3\/","title":{"rendered":"D3"},"content":{"rendered":"<p>I terminali INAR-SPLICE sono provvisti di speciali rigature che durante il processo di aggraffatura vanno ad incidere lo smalto creando la connessione. L\u2019aggraffatura che si ottiene presenta un contatto elettrico di alta qualit\u00e0, estremamente resistente alle vibrazioni e <em>gas-tight<\/em>, quindi esente da problemi di corrosione. Si possono aggraffare combinazioni di fili magnetici \u2014 generalmente fino a tre in contemporanea \u2014 in rame, in alluminio o di entrambi i materiali insieme. A queste combinazioni possono essere aggiunti fili a trefoli o a singolo filo rigido pre-spelati. In ogni caso le combinazioni di filo aggraffabile dovranno essere certificate dal laboratorio Inarca, a disposizione dei nostri clienti. Il laboratorio rilascer\u00e0 un test-report completo con le altezze di aggraffatura da rispettare. Il range dei fili aggraffabili va da 0,1 mm2 a 6,6 mm2. Le connessioni possono essere sia di testa (fili tutti dallo stesso lato); in linea (fili da entrambi i lati del terminale).<\/p>\n<p>INAR-SPLICE si completa delle macchine semiautomatiche di applicazione INAR-SPLICE MAT. La combinazione del design dei terminali INAR-SPLICE e delle macchine di applicazione consentono di ottenere performance di produttivit\u00e0 elevatissime, con la garanzia della ripetibilit\u00e0 meccanica del processo di aggraffatura. Per le specifiche delle INAR-SPLICE MAT, scopri la sezione dedicata alle macchine.<strong>\u00a0<\/strong><\/p>\n<p>&nbsp;<\/p>\n<p><strong>TECNOLOGIA SPLICE<\/strong><\/p>\n<p>La connessione attraverso l\u2019utilizzo della tecnologia Splice elimina tutte le problematiche relative alle connessioni attraverso saldatura: difetti per saldature fredde, bave da saldatura, residui di stagno sui fili. L\u2019aggraffatura permette di ottenere ottime caratteristiche meccaniche e, quindi, una elevata resistenza alle vibrazioni. Eccellente qualit\u00e0 nella connessione elettrica, priva di contaminazioni da residui di smalto o da stagno per saldatura. Il sistema splice: Terminale + Splice Mat Machine \u00e8 semplice, sicuro e collaudato. Permette una perfetta ripetibilit\u00e0 e performance produttive elevate. Inoltre consente di ridurre drasticamente le possibilit\u00e0 di errore umano.<\/p>\n","protected":false},"excerpt":{"rendered":"<p>I terminali INAR-SPLICE sono provvisti di speciali rigature che durante il processo di aggraffatura vanno ad incidere lo smalto creando la connessione. L\u2019aggraffatura che si ottiene presenta un contatto elettrico di alta qualit\u00e0, estremamente resistente alle vibrazioni e gas-tight, quindi esente da problemi di corrosione. Si possono aggraffare combinazioni di fili magnetici \u2014 generalmente fino [&hellip;]<\/p>\n","protected":false},"author":3,"featured_media":0,"parent":159,"menu_order":20,"comment_status":"closed","ping_status":"closed","template":"template\/page-catalog.php","meta":{"_acf_changed":false,"footnotes":""},"class_list":["post-573","page","type-page","status-publish","hentry"],"acf":[],"_links":{"self":[{"href":"https:\/\/inarca.com\/it\/wp-json\/wp\/v2\/pages\/573","targetHints":{"allow":["GET"]}}],"collection":[{"href":"https:\/\/inarca.com\/it\/wp-json\/wp\/v2\/pages"}],"about":[{"href":"https:\/\/inarca.com\/it\/wp-json\/wp\/v2\/types\/page"}],"author":[{"embeddable":true,"href":"https:\/\/inarca.com\/it\/wp-json\/wp\/v2\/users\/3"}],"replies":[{"embeddable":true,"href":"https:\/\/inarca.com\/it\/wp-json\/wp\/v2\/comments?post=573"}],"version-history":[{"count":5,"href":"https:\/\/inarca.com\/it\/wp-json\/wp\/v2\/pages\/573\/revisions"}],"predecessor-version":[{"id":3836,"href":"https:\/\/inarca.com\/it\/wp-json\/wp\/v2\/pages\/573\/revisions\/3836"}],"up":[{"embeddable":true,"href":"https:\/\/inarca.com\/it\/wp-json\/wp\/v2\/pages\/159"}],"wp:attachment":[{"href":"https:\/\/inarca.com\/it\/wp-json\/wp\/v2\/media?parent=573"}],"curies":[{"name":"wp","href":"https:\/\/api.w.org\/{rel}","templated":true}]}}