{"id":566,"date":"2023-05-10T13:52:30","date_gmt":"2023-05-10T13:52:30","guid":{"rendered":"https:\/\/inarca.com\/?page_id=566"},"modified":"2023-06-28T07:56:27","modified_gmt":"2023-06-28T07:56:27","slug":"c1","status":"publish","type":"page","link":"https:\/\/inarca.com\/it\/welding-tabs\/c1\/","title":{"rendered":"C1"},"content":{"rendered":"<p>Ovunque ci sia la necessit\u00e0 di riscaldare un fluido, c\u2019\u00e8 quasi sempre la presenza di una resistenza elettrica corazzata. I prodotti sono conformi alle principali norme internazionali e sono costruiti con i pi\u00f9 sofisticati macchinari e tecnologie produttive. La qualit\u00e0 produttiva \u00e8 garantita da protocolli di collaudo molto severi. Il team di specialisti Inarca \u00e8 a vostra disposizione per individuare il prodotto pi\u00f9 adatto alle vostre applicazioni.<\/p>\n","protected":false},"excerpt":{"rendered":"<p>Ovunque ci sia la necessit\u00e0 di riscaldare un fluido, c\u2019\u00e8 quasi sempre la presenza di una resistenza elettrica corazzata. I prodotti sono conformi alle principali norme internazionali e sono costruiti con i pi\u00f9 sofisticati macchinari e tecnologie produttive. La qualit\u00e0 produttiva \u00e8 garantita da protocolli di collaudo molto severi. Il team di specialisti Inarca \u00e8 [&hellip;]<\/p>\n","protected":false},"author":3,"featured_media":0,"parent":563,"menu_order":0,"comment_status":"closed","ping_status":"closed","template":"template\/page-catalog.php","meta":{"_acf_changed":false,"footnotes":""},"class_list":["post-566","page","type-page","status-publish","hentry"],"acf":[],"_links":{"self":[{"href":"https:\/\/inarca.com\/it\/wp-json\/wp\/v2\/pages\/566","targetHints":{"allow":["GET"]}}],"collection":[{"href":"https:\/\/inarca.com\/it\/wp-json\/wp\/v2\/pages"}],"about":[{"href":"https:\/\/inarca.com\/it\/wp-json\/wp\/v2\/types\/page"}],"author":[{"embeddable":true,"href":"https:\/\/inarca.com\/it\/wp-json\/wp\/v2\/users\/3"}],"replies":[{"embeddable":true,"href":"https:\/\/inarca.com\/it\/wp-json\/wp\/v2\/comments?post=566"}],"version-history":[{"count":6,"href":"https:\/\/inarca.com\/it\/wp-json\/wp\/v2\/pages\/566\/revisions"}],"predecessor-version":[{"id":2208,"href":"https:\/\/inarca.com\/it\/wp-json\/wp\/v2\/pages\/566\/revisions\/2208"}],"up":[{"embeddable":true,"href":"https:\/\/inarca.com\/it\/wp-json\/wp\/v2\/pages\/563"}],"wp:attachment":[{"href":"https:\/\/inarca.com\/it\/wp-json\/wp\/v2\/media?parent=566"}],"curies":[{"name":"wp","href":"https:\/\/api.w.org\/{rel}","templated":true}]}}