{"id":200,"date":"2023-04-18T08:07:48","date_gmt":"2023-04-18T08:07:48","guid":{"rendered":"https:\/\/inarca.com\/?page_id=200"},"modified":"2025-07-25T13:45:04","modified_gmt":"2025-07-25T13:45:04","slug":"d2","status":"publish","type":"page","link":"https:\/\/inarca.com\/it\/magnet-wire-terminals\/d2\/","title":{"rendered":"D2"},"content":{"rendered":"<p>La famiglia dei terminali e connettori Cluster \u00e8 tipicamente utilizzata nella fabbricazione dei compressori. A loro volta impiegati in applicazioni finali quali frigoriferi, refrigeratori e celle frigorifere e nel settore del condizionamento.<\/p>\n<p>&nbsp;<\/p>\n<p>Inarca ha sviluppato questa famiglia introducendo alcune caratteristiche che ne innalzano le performance, per esempio la doppia ritenzione nel terminale. Questo tipo di connessioni garantiscono un\u2019elevata performance meccanica, sia a carico dell\u2019aggraffatura, sia nella connessione terminale pin. Le caratteristiche dei materiali impiegati sono studiate per resistere e per garantire un lunga vita alla connessione, sia in presenza di shock termici, sia di olii e di fluidi refrigeranti. Il connettore \u00e8 stampato in poliestere termoplastico ed \u00e8 polarizzato nella zona di passaggio dei pin, per evitare inversioni di montaggio. \u00c8 disponibile sia in versione diritta che in versione rovescia. I terminali sono costruiti in bronzo fosforoso e sono disponibili diritti con doppia ritenzione o in versione a bandiera. Nonostante la qualit\u00e0 dei materiali impiegati, l\u2019offerta Inarca di Terminali e Connettori Cluster, risulta essere una connessione a basso costo.<\/p>\n","protected":false},"excerpt":{"rendered":"<p>La famiglia dei terminali e connettori Cluster \u00e8 tipicamente utilizzata nella fabbricazione dei compressori. A loro volta impiegati in applicazioni finali quali frigoriferi, refrigeratori e celle frigorifere e nel settore del condizionamento. &nbsp; Inarca ha sviluppato questa famiglia introducendo alcune caratteristiche che ne innalzano le performance, per esempio la doppia ritenzione nel terminale. Questo tipo [&hellip;]<\/p>\n","protected":false},"author":1,"featured_media":0,"parent":159,"menu_order":10,"comment_status":"closed","ping_status":"closed","template":"template\/page-catalog.php","meta":{"_acf_changed":false,"footnotes":""},"class_list":["post-200","page","type-page","status-publish","hentry"],"acf":[],"_links":{"self":[{"href":"https:\/\/inarca.com\/it\/wp-json\/wp\/v2\/pages\/200","targetHints":{"allow":["GET"]}}],"collection":[{"href":"https:\/\/inarca.com\/it\/wp-json\/wp\/v2\/pages"}],"about":[{"href":"https:\/\/inarca.com\/it\/wp-json\/wp\/v2\/types\/page"}],"author":[{"embeddable":true,"href":"https:\/\/inarca.com\/it\/wp-json\/wp\/v2\/users\/1"}],"replies":[{"embeddable":true,"href":"https:\/\/inarca.com\/it\/wp-json\/wp\/v2\/comments?post=200"}],"version-history":[{"count":11,"href":"https:\/\/inarca.com\/it\/wp-json\/wp\/v2\/pages\/200\/revisions"}],"predecessor-version":[{"id":2170,"href":"https:\/\/inarca.com\/it\/wp-json\/wp\/v2\/pages\/200\/revisions\/2170"}],"up":[{"embeddable":true,"href":"https:\/\/inarca.com\/it\/wp-json\/wp\/v2\/pages\/159"}],"wp:attachment":[{"href":"https:\/\/inarca.com\/it\/wp-json\/wp\/v2\/media?parent=200"}],"curies":[{"name":"wp","href":"https:\/\/api.w.org\/{rel}","templated":true}]}}